{"id":1612,"date":"2025-10-28T09:30:26","date_gmt":"2025-10-28T09:30:26","guid":{"rendered":"http:\/\/smartunit.be\/duurzaamheid\/"},"modified":"2025-12-23T10:26:08","modified_gmt":"2025-12-23T10:26:08","slug":"durabilite","status":"publish","type":"page","link":"https:\/\/smartunit.be\/fr\/durabilite\/","title":{"rendered":"Durabilit\u00e9"},"content":{"rendered":"\t\t<div data-elementor-type=\"wp-page\" data-elementor-id=\"1612\" class=\"elementor elementor-1612 elementor-343\" data-elementor-settings=\"{&quot;element_pack_global_tooltip_width&quot;:{&quot;unit&quot;:&quot;px&quot;,&quot;size&quot;:&quot;&quot;,&quot;sizes&quot;:[]},&quot;element_pack_global_tooltip_width_tablet&quot;:{&quot;unit&quot;:&quot;px&quot;,&quot;size&quot;:&quot;&quot;,&quot;sizes&quot;:[]},&quot;element_pack_global_tooltip_width_mobile&quot;:{&quot;unit&quot;:&quot;px&quot;,&quot;size&quot;:&quot;&quot;,&quot;sizes&quot;:[]},&quot;element_pack_global_tooltip_padding&quot;:{&quot;unit&quot;:&quot;px&quot;,&quot;top&quot;:&quot;&quot;,&quot;right&quot;:&quot;&quot;,&quot;bottom&quot;:&quot;&quot;,&quot;left&quot;:&quot;&quot;,&quot;isLinked&quot;:true},&quot;element_pack_global_tooltip_padding_tablet&quot;:{&quot;unit&quot;:&quot;px&quot;,&quot;top&quot;:&quot;&quot;,&quot;right&quot;:&quot;&quot;,&quot;bottom&quot;:&quot;&quot;,&quot;left&quot;:&quot;&quot;,&quot;isLinked&quot;:true},&quot;element_pack_global_tooltip_padding_mobile&quot;:{&quot;unit&quot;:&quot;px&quot;,&quot;top&quot;:&quot;&quot;,&quot;right&quot;:&quot;&quot;,&quot;bottom&quot;:&quot;&quot;,&quot;left&quot;:&quot;&quot;,&quot;isLinked&quot;:true},&quot;element_pack_global_tooltip_border_radius&quot;:{&quot;unit&quot;:&quot;px&quot;,&quot;top&quot;:&quot;&quot;,&quot;right&quot;:&quot;&quot;,&quot;bottom&quot;:&quot;&quot;,&quot;left&quot;:&quot;&quot;,&quot;isLinked&quot;:true},&quot;element_pack_global_tooltip_border_radius_tablet&quot;:{&quot;unit&quot;:&quot;px&quot;,&quot;top&quot;:&quot;&quot;,&quot;right&quot;:&quot;&quot;,&quot;bottom&quot;:&quot;&quot;,&quot;left&quot;:&quot;&quot;,&quot;isLinked&quot;:true},&quot;element_pack_global_tooltip_border_radius_mobile&quot;:{&quot;unit&quot;:&quot;px&quot;,&quot;top&quot;:&quot;&quot;,&quot;right&quot;:&quot;&quot;,&quot;bottom&quot;:&quot;&quot;,&quot;left&quot;:&quot;&quot;,&quot;isLinked&quot;:true}}\" data-elementor-post-type=\"page\">\n\t\t\t\t<div data-dce-background-color=\"#002F5B\" data-dce-background-overlay-color=\"#002F5BDE\" data-dce-background-image-url=\"https:\/\/smartunit.be\/wp-content\/uploads\/2025\/10\/DJI_0265-2048x1152-1.jpg\" class=\"elementor-element elementor-element-bae053c e-flex e-con-boxed e-con e-parent\" data-id=\"bae053c\" data-element_type=\"container\" data-e-type=\"container\" data-settings=\"{&quot;background_background&quot;:&quot;classic&quot;}\">\n\t\t\t\t\t<div class=\"e-con-inner\">\n\t\t\t\t<div class=\"elementor-element elementor-element-7faf348 elementor-widget elementor-widget-heading\" data-id=\"7faf348\" data-element_type=\"widget\" data-e-type=\"widget\" data-widget_type=\"heading.default\">\n\t\t\t\t\t<h1 class=\"elementor-heading-title elementor-size-default\">La durabilit\u00e9 chez SmartUnit<\/h1>\t\t\t\t<\/div>\n\t\t\t\t<div data-dce-title-color=\"#FFFFFF\" class=\"elementor-element elementor-element-d38a387 elementor-widget__width-initial elementor-widget elementor-widget-counter\" data-id=\"d38a387\" data-element_type=\"widget\" data-e-type=\"widget\" data-widget_type=\"counter.default\">\n\t\t\t\t\t\t\t<div class=\"elementor-counter\">\n\t\t\t<div class=\"elementor-counter-title\">consommation annuelle<\/div>\t\t\t<div class=\"elementor-counter-number-wrapper\">\n\t\t\t\t<span class=\"elementor-counter-number-prefix\"><\/span>\n\t\t\t\t<span class=\"elementor-counter-number\" data-duration=\"2000\" data-to-value=\"45\" data-from-value=\"0\">0<\/span>\n\t\t\t\t<span class=\"elementor-counter-number-suffix\">Kwh par m\u00b2 <\/span>\n\t\t\t<\/div>\n\t\t<\/div>\n\t\t\t\t\t\t<\/div>\n\t\t\t\t<div class=\"elementor-element elementor-element-fd67aa7 elementor-widget__width-initial elementor-absolute e-transform elementor-hidden-mobile elementor-widget elementor-widget-spacer\" data-id=\"fd67aa7\" data-element_type=\"widget\" data-e-type=\"widget\" data-settings=\"{&quot;_position&quot;:&quot;absolute&quot;,&quot;_transform_skewX_effect&quot;:{&quot;unit&quot;:&quot;px&quot;,&quot;size&quot;:-40,&quot;sizes&quot;:[]},&quot;_transform_skewX_effect_tablet&quot;:{&quot;unit&quot;:&quot;deg&quot;,&quot;size&quot;:&quot;&quot;,&quot;sizes&quot;:[]},&quot;_transform_skewX_effect_mobile&quot;:{&quot;unit&quot;:&quot;deg&quot;,&quot;size&quot;:&quot;&quot;,&quot;sizes&quot;:[]},&quot;_transform_skewY_effect&quot;:{&quot;unit&quot;:&quot;px&quot;,&quot;size&quot;:&quot;&quot;,&quot;sizes&quot;:[]},&quot;_transform_skewY_effect_tablet&quot;:{&quot;unit&quot;:&quot;deg&quot;,&quot;size&quot;:&quot;&quot;,&quot;sizes&quot;:[]},&quot;_transform_skewY_effect_mobile&quot;:{&quot;unit&quot;:&quot;deg&quot;,&quot;size&quot;:&quot;&quot;,&quot;sizes&quot;:[]}}\" data-widget_type=\"spacer.default\">\n\t\t\t\t\t\t\t<div class=\"elementor-spacer\">\n\t\t\t<div class=\"elementor-spacer-inner\"><\/div>\n\t\t<\/div>\n\t\t\t\t\t\t<\/div>\n\t\t\t\t\t<\/div>\n\t\t\t\t<\/div>\n\t\t<div class=\"elementor-element elementor-element-57c83bc e-flex e-con-boxed e-con e-parent\" data-id=\"57c83bc\" data-element_type=\"container\" data-e-type=\"container\">\n\t\t\t\t\t<div class=\"e-con-inner\">\n\t\t<div class=\"elementor-element elementor-element-e2ecdf0 e-con-full e-flex e-con e-child\" data-id=\"e2ecdf0\" data-element_type=\"container\" data-e-type=\"container\">\n\t\t\t\t<div class=\"elementor-element elementor-element-c9364a3 elementor-widget elementor-widget-text-editor\" data-id=\"c9364a3\" data-element_type=\"widget\" data-e-type=\"widget\" data-widget_type=\"text-editor.default\">\n\t\t\t\t\t\t\t\t\t<p><strong>La durabilit\u00e9 est au c\u0153ur de toutes nos activit\u00e9s<\/strong>, de la conception \u00e0 la r\u00e9alisation. Elle est \u00e9galement int\u00e9gr\u00e9e dans la gestion quotidienne des b\u00e2timents. Tout cela dans une optique de <strong>faible consommation \u00e9nerg\u00e9tique<\/strong> et <strong>d&#8217;approche \u00e9cologique<\/strong>.<\/p><h3>Pourquoi la durabilit\u00e9 est-elle si importante ?<\/h3><p>Le monde \u00e9volue rapidement. Le climat, l&#8217;\u00e9nergie et la circularit\u00e9 sont les d\u00e9fis majeurs de notre \u00e9poque. Avec les <strong>17 objectifs de d\u00e9veloppement durable (ODD<\/strong>) et <strong>le Pacte vert pour l&#8217;Europe<\/strong> comme lignes directrices, nous aspirons \u00e0 un avenir o\u00f9 nous <strong>r\u00e9duirons consid\u00e9rablement nos \u00e9missions de CO\u2082<\/strong> et <strong>construirons de mani\u00e8re neutre sur le plan climatique<\/strong>.<\/p>\t\t\t\t\t\t\t\t<\/div>\n\t\t\t\t<\/div>\n\t\t<div class=\"elementor-element elementor-element-eeeea41 e-con-full e-flex e-con e-child\" data-id=\"eeeea41\" data-element_type=\"container\" data-e-type=\"container\">\n\t\t\t\t<div class=\"elementor-element elementor-element-cfe5779 dce_masking-none elementor-widget elementor-widget-image\" data-id=\"cfe5779\" data-element_type=\"widget\" data-e-type=\"widget\" data-widget_type=\"image.default\">\n\t\t\t\t\t\t\t\t\t\t\t\t\t\t\t<img fetchpriority=\"high\" decoding=\"async\" width=\"353\" height=\"282\" src=\"https:\/\/smartunit.be\/wp-content\/uploads\/2025\/11\/Sustainable_Development_Goals_logo.svg\" class=\"attachment-full size-full wp-image-1614\" alt=\"\" \/>\t\t\t\t\t\t\t\t\t\t\t\t\t\t\t<\/div>\n\t\t<div class=\"elementor-element elementor-element-ca1f55d e-con-full e-grid e-con e-child\" data-id=\"ca1f55d\" data-element_type=\"container\" data-e-type=\"container\">\n\t\t\t\t<div class=\"elementor-element elementor-element-c2fad58 dce_masking-none elementor-widget elementor-widget-image\" data-id=\"c2fad58\" data-element_type=\"widget\" data-e-type=\"widget\" data-widget_type=\"image.default\">\n\t\t\t\t\t\t\t\t\t\t\t\t\t\t\t<img decoding=\"async\" width=\"1000\" height=\"1000\" src=\"https:\/\/smartunit.be\/wp-content\/uploads\/2025\/11\/TGG_Icon_Color_03.png\" class=\"attachment-full size-full wp-image-1615\" alt=\"\" srcset=\"https:\/\/smartunit.be\/wp-content\/uploads\/2025\/11\/TGG_Icon_Color_03.png 1000w, https:\/\/smartunit.be\/wp-content\/uploads\/2025\/11\/TGG_Icon_Color_03-300x300.png 300w, https:\/\/smartunit.be\/wp-content\/uploads\/2025\/11\/TGG_Icon_Color_03-150x150.png 150w, https:\/\/smartunit.be\/wp-content\/uploads\/2025\/11\/TGG_Icon_Color_03-768x768.png 768w, https:\/\/smartunit.be\/wp-content\/uploads\/2025\/11\/TGG_Icon_Color_03-650x650.png 650w\" sizes=\"(max-width: 1000px) 100vw, 1000px\" \/>\t\t\t\t\t\t\t\t\t\t\t\t\t\t\t<\/div>\n\t\t\t\t<div class=\"elementor-element elementor-element-e440fbd dce_masking-none elementor-widget elementor-widget-image\" data-id=\"e440fbd\" data-element_type=\"widget\" data-e-type=\"widget\" data-widget_type=\"image.default\">\n\t\t\t\t\t\t\t\t\t\t\t\t\t\t\t<img decoding=\"async\" width=\"1000\" height=\"1000\" src=\"https:\/\/smartunit.be\/wp-content\/uploads\/2025\/11\/TGG_Icon_Color_07.png\" class=\"attachment-full size-full wp-image-1616\" alt=\"\" srcset=\"https:\/\/smartunit.be\/wp-content\/uploads\/2025\/11\/TGG_Icon_Color_07.png 1000w, https:\/\/smartunit.be\/wp-content\/uploads\/2025\/11\/TGG_Icon_Color_07-300x300.png 300w, https:\/\/smartunit.be\/wp-content\/uploads\/2025\/11\/TGG_Icon_Color_07-150x150.png 150w, https:\/\/smartunit.be\/wp-content\/uploads\/2025\/11\/TGG_Icon_Color_07-768x768.png 768w, https:\/\/smartunit.be\/wp-content\/uploads\/2025\/11\/TGG_Icon_Color_07-650x650.png 650w\" sizes=\"(max-width: 1000px) 100vw, 1000px\" \/>\t\t\t\t\t\t\t\t\t\t\t\t\t\t\t<\/div>\n\t\t\t\t<div class=\"elementor-element elementor-element-0c52245 dce_masking-none elementor-widget elementor-widget-image\" data-id=\"0c52245\" data-element_type=\"widget\" data-e-type=\"widget\" data-widget_type=\"image.default\">\n\t\t\t\t\t\t\t\t\t\t\t\t\t\t\t<img loading=\"lazy\" decoding=\"async\" width=\"1000\" height=\"1000\" src=\"https:\/\/smartunit.be\/wp-content\/uploads\/2025\/11\/TGG_Icon_Color_08.png\" class=\"attachment-full size-full wp-image-1617\" alt=\"\" srcset=\"https:\/\/smartunit.be\/wp-content\/uploads\/2025\/11\/TGG_Icon_Color_08.png 1000w, https:\/\/smartunit.be\/wp-content\/uploads\/2025\/11\/TGG_Icon_Color_08-300x300.png 300w, https:\/\/smartunit.be\/wp-content\/uploads\/2025\/11\/TGG_Icon_Color_08-150x150.png 150w, https:\/\/smartunit.be\/wp-content\/uploads\/2025\/11\/TGG_Icon_Color_08-768x768.png 768w, https:\/\/smartunit.be\/wp-content\/uploads\/2025\/11\/TGG_Icon_Color_08-650x650.png 650w\" sizes=\"(max-width: 1000px) 100vw, 1000px\" \/>\t\t\t\t\t\t\t\t\t\t\t\t\t\t\t<\/div>\n\t\t\t\t<div class=\"elementor-element elementor-element-e797281 dce_masking-none elementor-widget elementor-widget-image\" data-id=\"e797281\" data-element_type=\"widget\" data-e-type=\"widget\" data-widget_type=\"image.default\">\n\t\t\t\t\t\t\t\t\t\t\t\t\t\t\t<img loading=\"lazy\" decoding=\"async\" width=\"1000\" height=\"1000\" src=\"https:\/\/smartunit.be\/wp-content\/uploads\/2025\/11\/TGG_Icon_Color_09.png\" class=\"attachment-full size-full wp-image-1618\" alt=\"\" srcset=\"https:\/\/smartunit.be\/wp-content\/uploads\/2025\/11\/TGG_Icon_Color_09.png 1000w, https:\/\/smartunit.be\/wp-content\/uploads\/2025\/11\/TGG_Icon_Color_09-300x300.png 300w, https:\/\/smartunit.be\/wp-content\/uploads\/2025\/11\/TGG_Icon_Color_09-150x150.png 150w, https:\/\/smartunit.be\/wp-content\/uploads\/2025\/11\/TGG_Icon_Color_09-768x768.png 768w, https:\/\/smartunit.be\/wp-content\/uploads\/2025\/11\/TGG_Icon_Color_09-650x650.png 650w\" sizes=\"(max-width: 1000px) 100vw, 1000px\" \/>\t\t\t\t\t\t\t\t\t\t\t\t\t\t\t<\/div>\n\t\t\t\t<div class=\"elementor-element elementor-element-ed10a20 dce_masking-none elementor-widget elementor-widget-image\" data-id=\"ed10a20\" data-element_type=\"widget\" data-e-type=\"widget\" data-widget_type=\"image.default\">\n\t\t\t\t\t\t\t\t\t\t\t\t\t\t\t<img loading=\"lazy\" decoding=\"async\" width=\"1000\" height=\"1000\" src=\"https:\/\/smartunit.be\/wp-content\/uploads\/2025\/11\/TGG_Icon_Color_11.png\" class=\"attachment-full size-full wp-image-1619\" alt=\"\" srcset=\"https:\/\/smartunit.be\/wp-content\/uploads\/2025\/11\/TGG_Icon_Color_11.png 1000w, https:\/\/smartunit.be\/wp-content\/uploads\/2025\/11\/TGG_Icon_Color_11-300x300.png 300w, https:\/\/smartunit.be\/wp-content\/uploads\/2025\/11\/TGG_Icon_Color_11-150x150.png 150w, https:\/\/smartunit.be\/wp-content\/uploads\/2025\/11\/TGG_Icon_Color_11-768x768.png 768w, https:\/\/smartunit.be\/wp-content\/uploads\/2025\/11\/TGG_Icon_Color_11-650x650.png 650w\" sizes=\"(max-width: 1000px) 100vw, 1000px\" \/>\t\t\t\t\t\t\t\t\t\t\t\t\t\t\t<\/div>\n\t\t\t\t<div class=\"elementor-element elementor-element-d9d599a dce_masking-none elementor-widget elementor-widget-image\" data-id=\"d9d599a\" data-element_type=\"widget\" data-e-type=\"widget\" data-widget_type=\"image.default\">\n\t\t\t\t\t\t\t\t\t\t\t\t\t\t\t<img loading=\"lazy\" decoding=\"async\" width=\"1000\" height=\"1000\" src=\"https:\/\/smartunit.be\/wp-content\/uploads\/2025\/11\/TGG_Icon_Color_13.png\" class=\"attachment-full size-full wp-image-1620\" alt=\"\" srcset=\"https:\/\/smartunit.be\/wp-content\/uploads\/2025\/11\/TGG_Icon_Color_13.png 1000w, https:\/\/smartunit.be\/wp-content\/uploads\/2025\/11\/TGG_Icon_Color_13-300x300.png 300w, https:\/\/smartunit.be\/wp-content\/uploads\/2025\/11\/TGG_Icon_Color_13-150x150.png 150w, https:\/\/smartunit.be\/wp-content\/uploads\/2025\/11\/TGG_Icon_Color_13-768x768.png 768w, https:\/\/smartunit.be\/wp-content\/uploads\/2025\/11\/TGG_Icon_Color_13-650x650.png 650w\" sizes=\"(max-width: 1000px) 100vw, 1000px\" \/>\t\t\t\t\t\t\t\t\t\t\t\t\t\t\t<\/div>\n\t\t\t\t<\/div>\n\t\t\t\t<\/div>\n\t\t\t\t\t<\/div>\n\t\t\t\t<\/div>\n\t\t<div class=\"elementor-element elementor-element-55c4864 e-flex e-con-boxed e-con e-parent\" data-id=\"55c4864\" data-element_type=\"container\" data-e-type=\"container\" data-settings=\"{&quot;background_background&quot;:&quot;classic&quot;}\">\n\t\t\t\t\t<div class=\"e-con-inner\">\n\t\t<div class=\"elementor-element elementor-element-4f3e318 e-con-full e-flex e-con e-child\" data-id=\"4f3e318\" data-element_type=\"container\" data-e-type=\"container\">\n\t\t\t\t<div class=\"elementor-element elementor-element-07e4303 elementor-widget elementor-widget-text-editor\" data-id=\"07e4303\" data-element_type=\"widget\" data-e-type=\"widget\" data-widget_type=\"text-editor.default\">\n\t\t\t\t\t\t\t\t\t<h3>Durabilit\u00e9 : notre approche<\/h3><p>Chez SmartUnit, nous croyons en une croissance durable et raisonnable. Au lieu de construire sans cesse de nouveaux b\u00e2timents, nous r\u00e9am\u00e9nageons souvent des zones industrielles existantes et modernisons les infrastructures existantes. Nous limitons ainsi l&#8217;impact sur les espaces ouverts et verts et contribuons \u00e0 une utilisation plus efficace de l&#8217;espace.<\/p><p>Notre approche est ax\u00e9e sur le d\u00e9veloppement immobilier circulaire : en r\u00e9utilisant et en transformant les b\u00e2timents, nous prolongeons leur dur\u00e9e de vie et r\u00e9duisons les \u00e9missions de CO\u2082. Il en r\u00e9sulte des unit\u00e9s industrielles l\u00e9g\u00e8res modernes et efficaces sur le plan \u00e9nerg\u00e9tique, qui r\u00e9pondent aux normes actuelles et futures en mati\u00e8re de durabilit\u00e9, de confort et de fonctionnalit\u00e9.<\/p><p>C&#8217;est non seulement meilleur pour l&#8217;environnement, mais aussi pour nos clients.<\/p>\t\t\t\t\t\t\t\t<\/div>\n\t\t\t\t<\/div>\n\t\t<div class=\"elementor-element elementor-element-1e4548a e-con-full e-flex e-con e-child\" data-id=\"1e4548a\" data-element_type=\"container\" data-e-type=\"container\">\n\t\t\t\t<div class=\"elementor-element elementor-element-442eeab dce_masking-none elementor-widget elementor-widget-image\" data-id=\"442eeab\" data-element_type=\"widget\" data-e-type=\"widget\" data-widget_type=\"image.default\">\n\t\t\t\t\t\t\t\t\t\t\t\t\t\t\t<img loading=\"lazy\" decoding=\"async\" width=\"762\" height=\"672\" src=\"https:\/\/smartunit.be\/wp-content\/uploads\/2025\/11\/EV-Chargers_2.jpg\" class=\"attachment-full size-full wp-image-1621\" alt=\"\" srcset=\"https:\/\/smartunit.be\/wp-content\/uploads\/2025\/11\/EV-Chargers_2.jpg 762w, https:\/\/smartunit.be\/wp-content\/uploads\/2025\/11\/EV-Chargers_2-300x265.jpg 300w, https:\/\/smartunit.be\/wp-content\/uploads\/2025\/11\/EV-Chargers_2-650x573.jpg 650w\" sizes=\"(max-width: 762px) 100vw, 762px\" \/>\t\t\t\t\t\t\t\t\t\t\t\t\t\t\t<\/div>\n\t\t\t\t<\/div>\n\t\t\t\t\t<\/div>\n\t\t\t\t<\/div>\n\t\t<div class=\"elementor-element elementor-element-b2991cf e-flex e-con-boxed e-con e-parent\" data-id=\"b2991cf\" data-element_type=\"container\" data-e-type=\"container\">\n\t\t\t\t\t<div class=\"e-con-inner\">\n\t\t<div class=\"elementor-element elementor-element-7cae9d8 e-con-full e-flex e-con e-child\" data-id=\"7cae9d8\" data-element_type=\"container\" data-e-type=\"container\">\n\t\t\t\t<div class=\"elementor-element elementor-element-62a0235 elementor-widget elementor-widget-text-editor\" data-id=\"62a0235\" data-element_type=\"widget\" data-e-type=\"widget\" data-widget_type=\"text-editor.default\">\n\t\t\t\t\t\t\t\t\t<h3>Durabilit\u00e9 : notre ambition<\/h3><p>Smartunit souhaite obtenir des performances sup\u00e9rieures \u00e0 la moyenne, non pas parce qu&#8217;elle y est oblig\u00e9e, mais parce qu&#8217;elle le souhaite. Nos choix sont toujours pratiques, rentables et orient\u00e9s vers le client.<\/p><p>SmartUnit suit les objectifs de durabilit\u00e9 fix\u00e9s chaque ann\u00e9e et ajuste ses objectifs \u00e0 court et \u00e0 long terme.<\/p>\t\t\t\t\t\t\t\t<\/div>\n\t\t\t\t<\/div>\n\t\t<div class=\"elementor-element elementor-element-aaa8976 e-con-full e-flex e-con e-child\" data-id=\"aaa8976\" data-element_type=\"container\" data-e-type=\"container\">\n\t\t\t\t<div class=\"elementor-element elementor-element-0d1ec78 dce_masking-none elementor-widget elementor-widget-image\" data-id=\"0d1ec78\" data-element_type=\"widget\" data-e-type=\"widget\" data-widget_type=\"image.default\">\n\t\t\t\t\t\t\t\t\t\t\t\t\t\t\t<img loading=\"lazy\" decoding=\"async\" width=\"2048\" height=\"1152\" src=\"https:\/\/smartunit.be\/wp-content\/uploads\/2025\/10\/DJI_0281-2048x1152-1.jpg\" class=\"attachment-full size-full wp-image-1622\" alt=\"\" srcset=\"https:\/\/smartunit.be\/wp-content\/uploads\/2025\/10\/DJI_0281-2048x1152-1.jpg 2048w, https:\/\/smartunit.be\/wp-content\/uploads\/2025\/10\/DJI_0281-2048x1152-1-300x169.jpg 300w, https:\/\/smartunit.be\/wp-content\/uploads\/2025\/10\/DJI_0281-2048x1152-1-1024x576.jpg 1024w, https:\/\/smartunit.be\/wp-content\/uploads\/2025\/10\/DJI_0281-2048x1152-1-768x432.jpg 768w, https:\/\/smartunit.be\/wp-content\/uploads\/2025\/10\/DJI_0281-2048x1152-1-1536x864.jpg 1536w, https:\/\/smartunit.be\/wp-content\/uploads\/2025\/10\/DJI_0281-2048x1152-1-650x366.jpg 650w\" sizes=\"(max-width: 2048px) 100vw, 2048px\" \/>\t\t\t\t\t\t\t\t\t\t\t\t\t\t\t<\/div>\n\t\t\t\t<\/div>\n\t\t\t\t\t<\/div>\n\t\t\t\t<\/div>\n\t\t\t\t<\/div>\n\t\t","protected":false},"excerpt":{"rendered":"<p>La durabilit\u00e9 chez SmartUnit consommation annuelle 0 Kwh par m\u00b2 La durabilit\u00e9 est au c\u0153ur de toutes nos activit\u00e9s, de la conception \u00e0 la r\u00e9alisation. Elle est \u00e9galement int\u00e9gr\u00e9e dans la gestion quotidienne des b\u00e2timents. Tout cela dans une optique de faible consommation \u00e9nerg\u00e9tique et d&#8217;approche \u00e9cologique. Pourquoi la durabilit\u00e9 est-elle si importante ? Le [&hellip;]<\/p>\n","protected":false},"author":1,"featured_media":0,"parent":0,"menu_order":0,"comment_status":"closed","ping_status":"closed","template":"","meta":{"_acf_changed":false,"footnotes":""},"class_list":["post-1612","page","type-page","status-publish","hentry"],"acf":[],"_links":{"self":[{"href":"https:\/\/smartunit.be\/fr\/wp-json\/wp\/v2\/pages\/1612","targetHints":{"allow":["GET"]}}],"collection":[{"href":"https:\/\/smartunit.be\/fr\/wp-json\/wp\/v2\/pages"}],"about":[{"href":"https:\/\/smartunit.be\/fr\/wp-json\/wp\/v2\/types\/page"}],"author":[{"embeddable":true,"href":"https:\/\/smartunit.be\/fr\/wp-json\/wp\/v2\/users\/1"}],"replies":[{"embeddable":true,"href":"https:\/\/smartunit.be\/fr\/wp-json\/wp\/v2\/comments?post=1612"}],"version-history":[{"count":22,"href":"https:\/\/smartunit.be\/fr\/wp-json\/wp\/v2\/pages\/1612\/revisions"}],"predecessor-version":[{"id":2347,"href":"https:\/\/smartunit.be\/fr\/wp-json\/wp\/v2\/pages\/1612\/revisions\/2347"}],"wp:attachment":[{"href":"https:\/\/smartunit.be\/fr\/wp-json\/wp\/v2\/media?parent=1612"}],"curies":[{"name":"wp","href":"https:\/\/api.w.org\/{rel}","templated":true}]}}