{"id":1628,"date":"2025-10-28T09:19:19","date_gmt":"2025-10-28T09:19:19","guid":{"rendered":"http:\/\/smartunit.be\/vacatures\/"},"modified":"2025-12-23T10:26:24","modified_gmt":"2025-12-23T10:26:24","slug":"offres-demploi","status":"publish","type":"page","link":"https:\/\/smartunit.be\/fr\/offres-demploi\/","title":{"rendered":"Offres d&#8217;emploi"},"content":{"rendered":"\t\t<div data-elementor-type=\"wp-page\" data-elementor-id=\"1628\" class=\"elementor elementor-1628 elementor-326\" data-elementor-settings=\"{&quot;element_pack_global_tooltip_width&quot;:{&quot;unit&quot;:&quot;px&quot;,&quot;size&quot;:&quot;&quot;,&quot;sizes&quot;:[]},&quot;element_pack_global_tooltip_width_tablet&quot;:{&quot;unit&quot;:&quot;px&quot;,&quot;size&quot;:&quot;&quot;,&quot;sizes&quot;:[]},&quot;element_pack_global_tooltip_width_mobile&quot;:{&quot;unit&quot;:&quot;px&quot;,&quot;size&quot;:&quot;&quot;,&quot;sizes&quot;:[]},&quot;element_pack_global_tooltip_padding&quot;:{&quot;unit&quot;:&quot;px&quot;,&quot;top&quot;:&quot;&quot;,&quot;right&quot;:&quot;&quot;,&quot;bottom&quot;:&quot;&quot;,&quot;left&quot;:&quot;&quot;,&quot;isLinked&quot;:true},&quot;element_pack_global_tooltip_padding_tablet&quot;:{&quot;unit&quot;:&quot;px&quot;,&quot;top&quot;:&quot;&quot;,&quot;right&quot;:&quot;&quot;,&quot;bottom&quot;:&quot;&quot;,&quot;left&quot;:&quot;&quot;,&quot;isLinked&quot;:true},&quot;element_pack_global_tooltip_padding_mobile&quot;:{&quot;unit&quot;:&quot;px&quot;,&quot;top&quot;:&quot;&quot;,&quot;right&quot;:&quot;&quot;,&quot;bottom&quot;:&quot;&quot;,&quot;left&quot;:&quot;&quot;,&quot;isLinked&quot;:true},&quot;element_pack_global_tooltip_border_radius&quot;:{&quot;unit&quot;:&quot;px&quot;,&quot;top&quot;:&quot;&quot;,&quot;right&quot;:&quot;&quot;,&quot;bottom&quot;:&quot;&quot;,&quot;left&quot;:&quot;&quot;,&quot;isLinked&quot;:true},&quot;element_pack_global_tooltip_border_radius_tablet&quot;:{&quot;unit&quot;:&quot;px&quot;,&quot;top&quot;:&quot;&quot;,&quot;right&quot;:&quot;&quot;,&quot;bottom&quot;:&quot;&quot;,&quot;left&quot;:&quot;&quot;,&quot;isLinked&quot;:true},&quot;element_pack_global_tooltip_border_radius_mobile&quot;:{&quot;unit&quot;:&quot;px&quot;,&quot;top&quot;:&quot;&quot;,&quot;right&quot;:&quot;&quot;,&quot;bottom&quot;:&quot;&quot;,&quot;left&quot;:&quot;&quot;,&quot;isLinked&quot;:true}}\" data-elementor-post-type=\"page\">\n\t\t\t\t<div data-dce-background-color=\"#002F5B\" data-dce-background-overlay-color=\"#002F5BDE\" data-dce-background-image-url=\"https:\/\/smartunit.be\/wp-content\/uploads\/2025\/11\/IMG_8516.jpeg\" class=\"elementor-element elementor-element-fd6d34c e-flex e-con-boxed e-con e-parent\" data-id=\"fd6d34c\" data-element_type=\"container\" data-e-type=\"container\" data-settings=\"{&quot;background_background&quot;:&quot;classic&quot;}\">\n\t\t\t\t\t<div class=\"e-con-inner\">\n\t\t\t\t<div class=\"elementor-element elementor-element-03ffb77 elementor-widget elementor-widget-heading\" data-id=\"03ffb77\" data-element_type=\"widget\" data-e-type=\"widget\" data-widget_type=\"heading.default\">\n\t\t\t\t\t<h1 class=\"elementor-heading-title elementor-size-default\">Travailler chez SmartUnit<\/h1>\t\t\t\t<\/div>\n\t\t\t\t<div class=\"elementor-element elementor-element-52613f5 elementor-widget__width-initial elementor-absolute e-transform elementor-hidden-mobile elementor-widget elementor-widget-spacer\" data-id=\"52613f5\" data-element_type=\"widget\" data-e-type=\"widget\" data-settings=\"{&quot;_position&quot;:&quot;absolute&quot;,&quot;_transform_skewX_effect&quot;:{&quot;unit&quot;:&quot;px&quot;,&quot;size&quot;:-40,&quot;sizes&quot;:[]},&quot;_transform_skewX_effect_tablet&quot;:{&quot;unit&quot;:&quot;deg&quot;,&quot;size&quot;:&quot;&quot;,&quot;sizes&quot;:[]},&quot;_transform_skewX_effect_mobile&quot;:{&quot;unit&quot;:&quot;deg&quot;,&quot;size&quot;:&quot;&quot;,&quot;sizes&quot;:[]},&quot;_transform_skewY_effect&quot;:{&quot;unit&quot;:&quot;px&quot;,&quot;size&quot;:&quot;&quot;,&quot;sizes&quot;:[]},&quot;_transform_skewY_effect_tablet&quot;:{&quot;unit&quot;:&quot;deg&quot;,&quot;size&quot;:&quot;&quot;,&quot;sizes&quot;:[]},&quot;_transform_skewY_effect_mobile&quot;:{&quot;unit&quot;:&quot;deg&quot;,&quot;size&quot;:&quot;&quot;,&quot;sizes&quot;:[]}}\" data-widget_type=\"spacer.default\">\n\t\t\t\t\t\t\t<div class=\"elementor-spacer\">\n\t\t\t<div class=\"elementor-spacer-inner\"><\/div>\n\t\t<\/div>\n\t\t\t\t\t\t<\/div>\n\t\t\t\t\t<\/div>\n\t\t\t\t<\/div>\n\t\t<div class=\"elementor-element elementor-element-4e71633 e-flex e-con-boxed e-con e-parent\" data-id=\"4e71633\" data-element_type=\"container\" data-e-type=\"container\">\n\t\t\t\t\t<div class=\"e-con-inner\">\n\t\t<div class=\"elementor-element elementor-element-e6c08b3 e-con-full e-flex e-con e-child\" data-id=\"e6c08b3\" data-element_type=\"container\" data-e-type=\"container\">\n\t\t\t\t<div class=\"elementor-element elementor-element-3572338 elementor-widget elementor-widget-text-editor\" data-id=\"3572338\" data-element_type=\"widget\" data-e-type=\"widget\" data-widget_type=\"text-editor.default\">\n\t\t\t\t\t\t\t\t\t<p>Chez <strong>SmartUnit<\/strong>, nous privil\u00e9gions la simplicit\u00e9 : <strong>une petite \u00e9quipe, des lignes hi\u00e9rarchiques courtes et beaucoup de place pour l&#8217;initiative<\/strong>. Chacun a la possibilit\u00e9 de contribuer \u00e0 notre succ\u00e8s et de vraiment faire la diff\u00e9rence.<\/p><h3>Notre culture<\/h3><p>Nous sommes une entreprise ambitieuse et en pleine croissance o\u00f9 les personnes entreprenantes se sentent chez elles.<br \/>Chez nous, vous avez la libert\u00e9 de partager vos id\u00e9es, de prendre des responsabilit\u00e9s et de vous \u00e9panouir, tant sur le plan professionnel que personnel. Nous pensons que <strong>les gens sont plus performants lorsqu&#8217;ils aiment ce qu&#8217;ils font<\/strong> et font ce pour quoi ils sont dou\u00e9s. Nous veillons \u00e0 ce que les moyens n\u00e9cessaires soient mis \u00e0 disposition pour vous permettre de vous \u00e9panouir professionnellement, de suivre les \u00e9volutions du march\u00e9 et de suivre les formations n\u00e9cessaires \u00e0 cet effet.<\/p>\t\t\t\t\t\t\t\t<\/div>\n\t\t\t\t<\/div>\n\t\t<div class=\"elementor-element elementor-element-92d72ea e-con-full e-flex e-con e-child\" data-id=\"92d72ea\" data-element_type=\"container\" data-e-type=\"container\">\n\t\t\t\t<div class=\"elementor-element elementor-element-4cda222 dce_masking-none elementor-widget elementor-widget-image\" data-id=\"4cda222\" data-element_type=\"widget\" data-e-type=\"widget\" data-widget_type=\"image.default\">\n\t\t\t\t\t\t\t\t\t\t\t\t\t\t\t<img fetchpriority=\"high\" decoding=\"async\" width=\"1000\" height=\"750\" src=\"https:\/\/smartunit.be\/wp-content\/uploads\/2025\/11\/IMG_8524.jpeg\" class=\"attachment-full size-full wp-image-1632\" alt=\"\" srcset=\"https:\/\/smartunit.be\/wp-content\/uploads\/2025\/11\/IMG_8524.jpeg 1000w, https:\/\/smartunit.be\/wp-content\/uploads\/2025\/11\/IMG_8524-300x225.jpeg 300w, https:\/\/smartunit.be\/wp-content\/uploads\/2025\/11\/IMG_8524-768x576.jpeg 768w, https:\/\/smartunit.be\/wp-content\/uploads\/2025\/11\/IMG_8524-650x488.jpeg 650w\" sizes=\"(max-width: 1000px) 100vw, 1000px\" \/>\t\t\t\t\t\t\t\t\t\t\t\t\t\t\t<\/div>\n\t\t\t\t<div class=\"elementor-element elementor-element-4811810 dce_masking-none elementor-widget elementor-widget-image\" data-id=\"4811810\" data-element_type=\"widget\" data-e-type=\"widget\" data-widget_type=\"image.default\">\n\t\t\t\t\t\t\t\t\t\t\t\t\t\t\t<img decoding=\"async\" width=\"1500\" height=\"1001\" src=\"https:\/\/smartunit.be\/wp-content\/uploads\/2025\/12\/IMG_8737.jpg\" class=\"attachment-full size-full wp-image-1633\" alt=\"\" srcset=\"https:\/\/smartunit.be\/wp-content\/uploads\/2025\/12\/IMG_8737.jpg 1500w, https:\/\/smartunit.be\/wp-content\/uploads\/2025\/12\/IMG_8737-300x200.jpg 300w, https:\/\/smartunit.be\/wp-content\/uploads\/2025\/12\/IMG_8737-1024x683.jpg 1024w, https:\/\/smartunit.be\/wp-content\/uploads\/2025\/12\/IMG_8737-768x513.jpg 768w, https:\/\/smartunit.be\/wp-content\/uploads\/2025\/12\/IMG_8737-650x434.jpg 650w\" sizes=\"(max-width: 1500px) 100vw, 1500px\" \/>\t\t\t\t\t\t\t\t\t\t\t\t\t\t\t<\/div>\n\t\t\t\t<\/div>\n\t\t\t\t\t<\/div>\n\t\t\t\t<\/div>\n\t\t<div class=\"elementor-element elementor-element-6a32f22 e-flex e-con-boxed e-con e-parent\" data-id=\"6a32f22\" data-element_type=\"container\" data-e-type=\"container\" data-settings=\"{&quot;background_background&quot;:&quot;classic&quot;}\">\n\t\t\t\t\t<div class=\"e-con-inner\">\n\t\t\t\t<div class=\"elementor-element elementor-element-4f9615e elementor-widget elementor-widget-heading\" data-id=\"4f9615e\" data-element_type=\"widget\" data-e-type=\"widget\" data-widget_type=\"heading.default\">\n\t\t\t\t\t<h2 class=\"elementor-heading-title elementor-size-default\">Nos offres d'emploi<\/h2>\t\t\t\t<\/div>\n\t\t\t\t<div class=\"elementor-element elementor-element-21e2985 dce-col-3 dce-posts-layout-default dce-col-tablet-3 dce-col-mobile-1 dce-align-left elementor-widget elementor-widget-dce-dynamicposts-v2\" data-id=\"21e2985\" data-element_type=\"widget\" data-e-type=\"widget\" data-settings=\"{&quot;style_items&quot;:&quot;default&quot;,&quot;grid_grid_type&quot;:&quot;flex&quot;}\" data-widget_type=\"dce-dynamicposts-v2.grid\">\n\t\t\t\t<div class=\"elementor-widget-container\">\n\t\t\t\t\t\n\t\t<div class=\"dce-fix-background-loop dce-posts-container dce-posts dce-dynamic-posts-collection  dce-skin-grid dce-skin-grid-flex\">\n\t\t\t\t\t\t<div class=\"dce-posts-wrapper dce-wrapper-grid\">\n\t\t\t\n\t\t<article class=\"post-2494 vacature type-vacature status-publish has-post-thumbnail hentry dce-post dce-post-item dce-item-grid\" data-dce-post-id=\"2494\" data-dce-post-index=\"0\">\n\t\t\t<div class=\"dce-post-block\">\n\t\t<div class=\"dce-item dce-item_image elementor-repeater-item-443f96f\"><a class=\"dce-post-image\" href=\"https:\/\/smartunit.be\/fr\/offre-emploi\/responsable-administratif-immobilier\/\"><figure data-image-ratio=\"0.66\" class=\"dce-img\"><img decoding=\"async\" width=\"1600\" height=\"899\" src=\"https:\/\/smartunit.be\/wp-content\/uploads\/2026\/03\/Vacature.jpg\" class=\"\" alt=\"Responsable Administratif Immobilier\" srcset=\"https:\/\/smartunit.be\/wp-content\/uploads\/2026\/03\/Vacature.jpg 1600w, https:\/\/smartunit.be\/wp-content\/uploads\/2026\/03\/Vacature-300x169.jpg 300w, https:\/\/smartunit.be\/wp-content\/uploads\/2026\/03\/Vacature-1024x575.jpg 1024w, https:\/\/smartunit.be\/wp-content\/uploads\/2026\/03\/Vacature-768x432.jpg 768w, https:\/\/smartunit.be\/wp-content\/uploads\/2026\/03\/Vacature-1536x863.jpg 1536w, https:\/\/smartunit.be\/wp-content\/uploads\/2026\/03\/Vacature-650x365.jpg 650w\" sizes=\"(max-width: 1600px) 100vw, 1600px\" \/><\/figure><\/a><\/div><div class=\"dce-item dce-item_title elementor-repeater-item-1e7bb8d\"><h3 class=\"dce-post-title\"><a href=\"https:\/\/smartunit.be\/fr\/offre-emploi\/responsable-administratif-immobilier\/\">Responsable Administratif Immobilier<\/a><\/h3><\/div><div class=\"dce-item dce-item_readmore elementor-repeater-item-6012970\">\t\t<div class=\"dce-post-button\">\n\t\t\t<a href=\"https:\/\/smartunit.be\/fr\/offre-emploi\/responsable-administratif-immobilier\/\" class=\"elementor-button-link elementor-button dce-button elementor-size-sm\" role=\"button\" >\n\t\t\tVoir l'offre d'emploi\t\t\t<\/a>\n\t\t<\/div>\n\t\t<\/div>\t\t\t<\/div>\n\t\t<\/article>\n\t\t\t\t\t<\/div>\n\t\t\t\t\t<\/div>\n\t\t\t\t\t\t<\/div>\n\t\t\t\t<\/div>\n\t\t\t\t\t<\/div>\n\t\t\t\t<\/div>\n\t\t<div class=\"elementor-element elementor-element-082ce68 e-flex e-con-boxed e-con e-parent\" data-id=\"082ce68\" data-element_type=\"container\" data-e-type=\"container\">\n\t\t\t\t\t<div class=\"e-con-inner\">\n\t\t\t\t<div class=\"elementor-element elementor-element-f5a1661 elementor-widget elementor-widget-heading\" data-id=\"f5a1661\" data-element_type=\"widget\" data-e-type=\"widget\" data-widget_type=\"heading.default\">\n\t\t\t\t\t<h2 class=\"elementor-heading-title elementor-size-default\">Candidature spontan\u00e9e<\/h2>\t\t\t\t<\/div>\n\t\t\t\t<div class=\"elementor-element elementor-element-42c2c97 elementor-widget__width-initial elementor-widget-tablet__width-inherit elementor-widget-mobile__width-inherit elementor-widget elementor-widget-text-editor\" data-id=\"42c2c97\" data-element_type=\"widget\" data-e-type=\"widget\" data-widget_type=\"text-editor.default\">\n\t\t\t\t\t\t\t\t\t<p>Nos offres d&#8217;emploi ne sont pas toujours publi\u00e9es en ligne. Mais si <strong>notre fa\u00e7on de travailler vous int\u00e9resse<\/strong>, n&#8217;h\u00e9sitez pas \u00e0 nous contacter ! Envoyez-nous votre <strong>candidature spontan\u00e9e<\/strong> : peut-\u00eatre y a-t-il un poste qui vous correspond parfaitement et qui n&#8217;est pas encore publi\u00e9 sur notre site web.<\/p><p><strong>\ud83d\udc49 Dites-nous pourquoi vous correspondez au profil recherch\u00e9 chez SmartUnit.<\/strong><\/p>\t\t\t\t\t\t\t\t<\/div>\n\t\t\t\t<div class=\"elementor-element elementor-element-0484088 elementor-widget__width-initial elementor-widget-mobile__width-inherit elementor-widget-tablet__width-inherit elementor-button-align-stretch elementor-widget elementor-widget-form\" data-id=\"0484088\" data-element_type=\"widget\" data-e-type=\"widget\" data-settings=\"{&quot;step_next_label&quot;:&quot;Next&quot;,&quot;step_previous_label&quot;:&quot;Previous&quot;,&quot;button_width&quot;:&quot;100&quot;,&quot;dce_confirm_dialog_enabled&quot;:&quot;no&quot;,&quot;step_type&quot;:&quot;number_text&quot;,&quot;step_icon_shape&quot;:&quot;circle&quot;,&quot;label_icon_size&quot;:{&quot;unit&quot;:&quot;px&quot;,&quot;size&quot;:&quot;&quot;,&quot;sizes&quot;:[]},&quot;field_icon_size&quot;:{&quot;unit&quot;:&quot;px&quot;,&quot;size&quot;:&quot;&quot;,&quot;sizes&quot;:[]}}\" data-widget_type=\"form.default\">\n\t\t\t\t\t\t\t<form class=\"elementor-form\" method=\"post\" id=\"spontane_sollicitatie_vacature_fr\" name=\"Candidature spontan\u00e9e\" aria-label=\"Candidature spontan\u00e9e\">\n\t\t\t<input type=\"hidden\" name=\"post_id\" value=\"1628\"\/>\n\t\t\t<input type=\"hidden\" name=\"form_id\" value=\"0484088\"\/>\n\t\t\t<input type=\"hidden\" name=\"referer_title\" value=\"\" \/>\n\n\t\t\t\n\t\t\t<div class=\"elementor-form-fields-wrapper elementor-labels-\">\n\t\t\t\t\t\t\t\t<div class=\"elementor-field-type-recaptcha_v3 elementor-field-group elementor-column elementor-field-group-field_553befb elementor-col-100 recaptcha_v3-bottomright\">\n\t\t\t\t\t<div class=\"elementor-field\" id=\"form-field-field_553befb\"><div class=\"elementor-g-recaptcha\" data-sitekey=\"6LcDfjQsAAAAAPUwdjOcmQOVVmJ74UANgH6EXzpU\" data-type=\"v3\" data-action=\"Form\" data-badge=\"bottomright\" data-size=\"invisible\"><\/div><\/div>\t\t\t\t<\/div>\n\t\t\t\t\t\t\t\t<div class=\"elementor-field-type-text elementor-field-group elementor-column elementor-field-group-name elementor-col-100 elementor-field-required\">\n\t\t\t\t\t\t\t\t\t\t\t\t<label for=\"form-field-name\" class=\"elementor-field-label elementor-screen-only\">\n\t\t\t\t\t\t\t\tNom\t\t\t\t\t\t\t<\/label>\n\t\t\t\t\t\t\t\t\t\t\t\t\t\t<input size=\"1\" type=\"text\" name=\"form_fields[name]\" id=\"form-field-name\" class=\"elementor-field elementor-size-sm  elementor-field-textual\" placeholder=\"Nom complet\" required=\"required\">\n\t\t\t\t\t\t\t\t\t\t\t<\/div>\n\t\t\t\t\t\t\t\t<div class=\"elementor-field-type-email elementor-field-group elementor-column elementor-field-group-email elementor-col-100 elementor-field-required\">\n\t\t\t\t\t\t\t\t\t\t\t\t<label for=\"form-field-email\" class=\"elementor-field-label elementor-screen-only\">\n\t\t\t\t\t\t\t\tE-mail\t\t\t\t\t\t\t<\/label>\n\t\t\t\t\t\t\t\t\t\t\t\t\t\t<input size=\"1\" type=\"email\" name=\"form_fields[email]\" id=\"form-field-email\" class=\"elementor-field elementor-size-sm  elementor-field-textual\" placeholder=\"Adresse e-mail\" required=\"required\">\n\t\t\t\t\t\t\t\t\t\t\t<\/div>\n\t\t\t\t\t\t\t\t<div class=\"elementor-field-type-tel elementor-field-group elementor-column elementor-field-group-field_e51978d elementor-col-100\">\n\t\t\t\t\t\t\t\t\t\t\t\t<label for=\"form-field-field_e51978d\" class=\"elementor-field-label elementor-screen-only\">\n\t\t\t\t\t\t\t\tT\u00e9l\u00e9phone\t\t\t\t\t\t\t<\/label>\n\t\t\t\t\t\t\t\t<input size=\"1\" type=\"tel\" name=\"form_fields[field_e51978d]\" id=\"form-field-field_e51978d\" class=\"elementor-field elementor-size-sm  elementor-field-textual\" placeholder=\"Num\u00e9ro de t\u00e9l\u00e9phone\" pattern=\"[0-9()#&amp;+*-=.]+\" title=\"Seuls les caract\u00e8res de num\u00e9ros de t\u00e9l\u00e9phone (#, -, *, etc.) sont accept\u00e9s.\">\n\n\t\t\t\t\t\t<\/div>\n\t\t\t\t\t\t\t\t<div class=\"elementor-field-type-textarea elementor-field-group elementor-column elementor-field-group-message elementor-col-100 elementor-field-required\">\n\t\t\t\t\t\t\t\t\t\t\t\t<label for=\"form-field-message\" class=\"elementor-field-label elementor-screen-only\">\n\t\t\t\t\t\t\t\tMotivation\t\t\t\t\t\t\t<\/label>\n\t\t\t\t\t\t<textarea class=\"elementor-field-textual elementor-field  elementor-size-sm\" name=\"form_fields[message]\" id=\"form-field-message\" rows=\"4\" placeholder=\"Qu&#039;est-ce qui te motive \u00e0 travailler chez SmartUnit ?\" required=\"required\"><\/textarea>\t\t\t\t<\/div>\n\t\t\t\t\t\t\t\t<div class=\"elementor-field-type-html elementor-field-group elementor-column elementor-field-group-field_207ffc7 elementor-col-100\">\n\t\t\t\t\tT\u00e9l\u00e9chargez votre CV ici <span style=\"font-size: 0.85em;\">(.pdf)<\/span>\t\t\t\t<\/div>\n\t\t\t\t\t\t\t\t<div class=\"elementor-field-type-upload elementor-field-group elementor-column elementor-field-group-field_6ba72ae elementor-col-100 elementor-field-required\">\n\t\t\t\t\t\t\t\t\t\t\t\t<label for=\"form-field-field_6ba72ae\" class=\"elementor-field-label elementor-screen-only\">\n\t\t\t\t\t\t\t\tCV\t\t\t\t\t\t\t<\/label>\n\t\t\t\t\t\t\t\t<input type=\"file\" name=\"form_fields[field_6ba72ae]\" id=\"form-field-field_6ba72ae\" class=\"elementor-field elementor-size-sm  elementor-upload-field\" required=\"required\">\n\n\t\t\t\t\t\t<\/div>\n\t\t\t\t\t\t\t\t<div class=\"elementor-field-group elementor-column elementor-field-type-submit elementor-col-100 e-form__buttons\">\n\t\t\t\t\t<button class=\"elementor-button elementor-size-sm\" type=\"submit\">\n\t\t\t\t\t\t<span class=\"elementor-button-content-wrapper\">\n\t\t\t\t\t\t\t\t\t\t\t\t\t\t\t\t\t\t\t\t\t\t<span class=\"elementor-button-text\">Postuler<\/span>\n\t\t\t\t\t\t\t\t\t\t\t\t\t<\/span>\n\t\t\t\t\t<\/button>\n\t\t\t\t<\/div>\n\t\t\t<\/div>\n\t\t<\/form>\n\t\t\t\t\t\t<\/div>\n\t\t\t\t\t<\/div>\n\t\t\t\t<\/div>\n\t\t\t\t<\/div>\n\t\t","protected":false},"excerpt":{"rendered":"<p>Travailler chez SmartUnit Chez SmartUnit, nous privil\u00e9gions la simplicit\u00e9 : une petite \u00e9quipe, des lignes hi\u00e9rarchiques courtes et beaucoup de place pour l&#8217;initiative. Chacun a la possibilit\u00e9 de contribuer \u00e0 notre succ\u00e8s et de vraiment faire la diff\u00e9rence. Notre culture Nous sommes une entreprise ambitieuse et en pleine croissance o\u00f9 les personnes entreprenantes se sentent [&hellip;]<\/p>\n","protected":false},"author":1,"featured_media":0,"parent":0,"menu_order":0,"comment_status":"closed","ping_status":"closed","template":"","meta":{"_acf_changed":false,"footnotes":""},"class_list":["post-1628","page","type-page","status-publish","hentry"],"acf":[],"_links":{"self":[{"href":"https:\/\/smartunit.be\/fr\/wp-json\/wp\/v2\/pages\/1628","targetHints":{"allow":["GET"]}}],"collection":[{"href":"https:\/\/smartunit.be\/fr\/wp-json\/wp\/v2\/pages"}],"about":[{"href":"https:\/\/smartunit.be\/fr\/wp-json\/wp\/v2\/types\/page"}],"author":[{"embeddable":true,"href":"https:\/\/smartunit.be\/fr\/wp-json\/wp\/v2\/users\/1"}],"replies":[{"embeddable":true,"href":"https:\/\/smartunit.be\/fr\/wp-json\/wp\/v2\/comments?post=1628"}],"version-history":[{"count":13,"href":"https:\/\/smartunit.be\/fr\/wp-json\/wp\/v2\/pages\/1628\/revisions"}],"predecessor-version":[{"id":2411,"href":"https:\/\/smartunit.be\/fr\/wp-json\/wp\/v2\/pages\/1628\/revisions\/2411"}],"wp:attachment":[{"href":"https:\/\/smartunit.be\/fr\/wp-json\/wp\/v2\/media?parent=1628"}],"curies":[{"name":"wp","href":"https:\/\/api.w.org\/{rel}","templated":true}]}}