{"id":2069,"date":"2025-12-11T11:21:24","date_gmt":"2025-12-11T11:21:24","guid":{"rendered":"http:\/\/smartunit.be\/privacy-policy\/"},"modified":"2025-12-23T10:26:38","modified_gmt":"2025-12-23T10:26:38","slug":"politique-de-confidentialite","status":"publish","type":"page","link":"https:\/\/smartunit.be\/fr\/politique-de-confidentialite\/","title":{"rendered":"Politique de confidentialit\u00e9"},"content":{"rendered":"\t\t<div data-elementor-type=\"wp-page\" data-elementor-id=\"2069\" class=\"elementor elementor-2069 elementor-2002\" data-elementor-settings=\"{&quot;element_pack_global_tooltip_width&quot;:{&quot;unit&quot;:&quot;px&quot;,&quot;size&quot;:&quot;&quot;,&quot;sizes&quot;:[]},&quot;element_pack_global_tooltip_width_tablet&quot;:{&quot;unit&quot;:&quot;px&quot;,&quot;size&quot;:&quot;&quot;,&quot;sizes&quot;:[]},&quot;element_pack_global_tooltip_width_mobile&quot;:{&quot;unit&quot;:&quot;px&quot;,&quot;size&quot;:&quot;&quot;,&quot;sizes&quot;:[]},&quot;element_pack_global_tooltip_padding&quot;:{&quot;unit&quot;:&quot;px&quot;,&quot;top&quot;:&quot;&quot;,&quot;right&quot;:&quot;&quot;,&quot;bottom&quot;:&quot;&quot;,&quot;left&quot;:&quot;&quot;,&quot;isLinked&quot;:true},&quot;element_pack_global_tooltip_padding_tablet&quot;:{&quot;unit&quot;:&quot;px&quot;,&quot;top&quot;:&quot;&quot;,&quot;right&quot;:&quot;&quot;,&quot;bottom&quot;:&quot;&quot;,&quot;left&quot;:&quot;&quot;,&quot;isLinked&quot;:true},&quot;element_pack_global_tooltip_padding_mobile&quot;:{&quot;unit&quot;:&quot;px&quot;,&quot;top&quot;:&quot;&quot;,&quot;right&quot;:&quot;&quot;,&quot;bottom&quot;:&quot;&quot;,&quot;left&quot;:&quot;&quot;,&quot;isLinked&quot;:true},&quot;element_pack_global_tooltip_border_radius&quot;:{&quot;unit&quot;:&quot;px&quot;,&quot;top&quot;:&quot;&quot;,&quot;right&quot;:&quot;&quot;,&quot;bottom&quot;:&quot;&quot;,&quot;left&quot;:&quot;&quot;,&quot;isLinked&quot;:true},&quot;element_pack_global_tooltip_border_radius_tablet&quot;:{&quot;unit&quot;:&quot;px&quot;,&quot;top&quot;:&quot;&quot;,&quot;right&quot;:&quot;&quot;,&quot;bottom&quot;:&quot;&quot;,&quot;left&quot;:&quot;&quot;,&quot;isLinked&quot;:true},&quot;element_pack_global_tooltip_border_radius_mobile&quot;:{&quot;unit&quot;:&quot;px&quot;,&quot;top&quot;:&quot;&quot;,&quot;right&quot;:&quot;&quot;,&quot;bottom&quot;:&quot;&quot;,&quot;left&quot;:&quot;&quot;,&quot;isLinked&quot;:true}}\" data-elementor-post-type=\"page\">\n\t\t\t\t<div class=\"elementor-element elementor-element-66b9549 e-flex e-con-boxed e-con e-parent\" data-id=\"66b9549\" data-element_type=\"container\" data-e-type=\"container\">\n\t\t\t\t\t<div class=\"e-con-inner\">\n\t\t\t\t<div class=\"elementor-element elementor-element-98ed289 elementor-widget elementor-widget-heading\" data-id=\"98ed289\" data-element_type=\"widget\" data-e-type=\"widget\" data-widget_type=\"heading.default\">\n\t\t\t\t\t<h1 class=\"elementor-heading-title elementor-size-default\">Politique de confidentialit\u00e9<\/h1>\t\t\t\t<\/div>\n\t\t\t\t<div class=\"elementor-element elementor-element-0dfd49e elementor-widget elementor-widget-text-editor\" data-id=\"0dfd49e\" data-element_type=\"widget\" data-e-type=\"widget\" data-widget_type=\"text-editor.default\">\n\t\t\t\t\t\t\t\t\t<p>Vos donn\u00e9es personnelles et votre vie priv\u00e9e sont extr\u00eamement importantes pour SmartUnit. Cette politique n&#8217;est pas seulement un bouclier juridique qui nous permet de nous conformer \u00e0 des r\u00e9glementations telles que le r\u00e8glement g\u00e9n\u00e9ral sur la protection des donn\u00e9es (ci-apr\u00e8s : RGPD). Non, ce texte raconte notre histoire en mati\u00e8re de donn\u00e9es. Il explique quelles donn\u00e9es personnelles nous traitons et comment nous les traitons et les prot\u00e9geons avec soin.<\/p><p>Avec cette politique, nous voulons vous tenir pleinement inform\u00e9 de notre politique en mati\u00e8re de donn\u00e9es. Cela vous permet de faire un choix m\u00fbrement r\u00e9fl\u00e9chi et \u00e9clair\u00e9 quant \u00e0 l&#8217;utilisation de nos services. Nous partons donc du principe que lorsque vous utilisez nos services, vous acceptez la mani\u00e8re dont nous traitons les donn\u00e9es et notre politique.<\/p><p>Oh, encore une chose. Nous avons fait de notre mieux pour que cette politique soit aussi concise et claire que possible. Apr\u00e8s tout, nous sommes convaincus que les obligations ne doivent pas n\u00e9cessairement \u00eatre ennuyeuses.<\/p><p>*R\u00e8glement du 27 avril 2016 relatif \u00e0 la protection des personnes physiques \u00e0 l&#8217;\u00e9gard du traitement des donn\u00e9es \u00e0 caract\u00e8re personnel et \u00e0 la libre circulation de ces donn\u00e9es.<\/p>\t\t\t\t\t\t\t\t<\/div>\n\t\t\t\t<div class=\"elementor-element elementor-element-4f2dd3b elementor-widget elementor-widget-heading\" data-id=\"4f2dd3b\" data-element_type=\"widget\" data-e-type=\"widget\" data-widget_type=\"heading.default\">\n\t\t\t\t\t<h2 class=\"elementor-heading-title elementor-size-default\">Qui traite les donn\u00e9es ?<\/h2>\t\t\t\t<\/div>\n\t\t\t\t<div class=\"elementor-element elementor-element-abbcf9d elementor-widget elementor-widget-heading\" data-id=\"abbcf9d\" data-element_type=\"widget\" data-e-type=\"widget\" data-widget_type=\"heading.default\">\n\t\t\t\t\t<h3 class=\"elementor-heading-title elementor-size-default\">1. \u00ab nous \u00bb<\/h3>\t\t\t\t<\/div>\n\t\t\t\t<div class=\"elementor-element elementor-element-be9f3cb elementor-widget elementor-widget-text-editor\" data-id=\"be9f3cb\" data-element_type=\"widget\" data-e-type=\"widget\" data-widget_type=\"text-editor.default\">\n\t\t\t\t\t\t\t\t\t<table border=\"1\" cellpadding=\"10\"><tbody><tr><td width=\"179\"><strong>Nom de l&#8217;entreprise :<\/strong><\/td><td width=\"260\">Smartunit (NV)<\/td><\/tr><tr><td width=\"179\"><strong>Num\u00e9ro d&#8217;enregistrement de la soci\u00e9t\u00e9 :<\/strong><\/td><td width=\"260\">BE0759.732.605<\/td><\/tr><tr><td width=\"179\"><strong>Adresse :<\/strong><\/td><td width=\"260\">Kontichsesteenweg 54, 2630 Aartselaar<\/td><\/tr><tr><td width=\"179\"><strong>Adresse \u00e9lectronique :<\/strong><\/td><td width=\"260\"><a href=\"mailto:info@smartunit.be\">info@smartunit.be<\/a><\/td><\/tr><tr><td width=\"179\"><strong>Num\u00e9ro de t\u00e9l\u00e9phone :<\/strong><\/td><td width=\"260\"><a href=\"tel:+32%203%20207%2029%2000\"><span class=\"elementor-icon-list-text\">+32 3 207 29 00<\/span><\/a><\/td><\/tr><\/tbody><\/table><p>Le RGPD nous d\u00e9signe \u00e9galement comme responsable du traitement. En bref, cela signifie que nous d\u00e9cidons quelles donn\u00e9es sont collect\u00e9es, comment et par quels moyens cela sera fait, mais aussi pourquoi nous faisons tout cela.<\/p>\t\t\t\t\t\t\t\t<\/div>\n\t\t\t\t<div class=\"elementor-element elementor-element-07e0382 elementor-widget elementor-widget-heading\" data-id=\"07e0382\" data-element_type=\"widget\" data-e-type=\"widget\" data-widget_type=\"heading.default\">\n\t\t\t\t\t<h3 class=\"elementor-heading-title elementor-size-default\">2. Qui va nous aider ?<\/h3>\t\t\t\t<\/div>\n\t\t\t\t<div class=\"elementor-element elementor-element-73d8c79 elementor-widget elementor-widget-text-editor\" data-id=\"73d8c79\" data-element_type=\"widget\" data-e-type=\"widget\" data-widget_type=\"text-editor.default\">\n\t\t\t\t\t\t\t\t\t<p>Les sous-traitants, un terme important du RGPD. Qui nous aide, sous notre responsabilit\u00e9, \u00e0 traiter vos donn\u00e9es personnelles ? Soyez rassur\u00e9, tous nos sous-traitants ont personnellement ou g\u00e9n\u00e9ralement accept\u00e9 de se conformer au RGPD et, par cons\u00e9quent, \u00e0 notre politique. Voici un bref aper\u00e7u.<\/p><p>Combell est dans les coulisses de notre site web.<\/p><table border=\"1\" cellpadding=\"10\"><tbody><tr><td width=\"186\"><strong>Nom de l&#8217;entreprise :<\/strong><\/td><td width=\"172\">Combell nv<\/td><\/tr><tr><td width=\"186\"><strong>Num\u00e9ro d&#8217;enregistrement de la soci\u00e9t\u00e9 :<\/strong><\/td><td width=\"172\">BE 0541.977.701<\/td><\/tr><tr><td width=\"186\"><strong>Adresse :<\/strong><\/td><td width=\"172\">Skaldenstraat 121<br \/>9042 Gent<br \/>Belgi\u00eb<\/td><\/tr><tr><td width=\"186\"><strong>Num\u00e9ro de t\u00e9l\u00e9phone :<\/strong><\/td><td width=\"172\">0800-8-5678<\/td><\/tr><\/tbody><\/table><p>Outre tous ces sous-traitants, nous utilisons \u00e9galement quelques plugins qui traitent parfois des donn\u00e9es. Soyez rassur\u00e9, tout comme pour nos sous-traitants, nous n&#8217;utilisons que des plugins qui sont express\u00e9ment conformes au RGPD. En voici la liste : Google Analytics, Facebook Pixel.<\/p>\t\t\t\t\t\t\t\t<\/div>\n\t\t\t\t<div class=\"elementor-element elementor-element-fd04d91 elementor-widget elementor-widget-heading\" data-id=\"fd04d91\" data-element_type=\"widget\" data-e-type=\"widget\" data-widget_type=\"heading.default\">\n\t\t\t\t\t<h2 class=\"elementor-heading-title elementor-size-default\">Quelles donn\u00e9es collectons-nous r\u00e9ellement ?<\/h2>\t\t\t\t<\/div>\n\t\t\t\t<div class=\"elementor-element elementor-element-b3dff47 elementor-widget elementor-widget-heading\" data-id=\"b3dff47\" data-element_type=\"widget\" data-e-type=\"widget\" data-widget_type=\"heading.default\">\n\t\t\t\t\t<h3 class=\"elementor-heading-title elementor-size-default\">1. Les \u00ab cat\u00e9gories de donn\u00e9es \u00bb<\/h3>\t\t\t\t<\/div>\n\t\t\t\t<div class=\"elementor-element elementor-element-bb700fe elementor-widget elementor-widget-text-editor\" data-id=\"bb700fe\" data-element_type=\"widget\" data-e-type=\"widget\" data-widget_type=\"text-editor.default\">\n\t\t\t\t\t\t\t\t\t<p>Un concept complexe du RGPD concernant les \u00ab types de donn\u00e9es \u00bb dont nous avons besoin. Voici un bref aper\u00e7u :<\/p><p>SITE WEB<\/p><table border=\"1\" cellpadding=\"10\"><tbody><tr><td width=\"186\">Adresse \u00e9lectronique<\/td><\/tr><tr><td width=\"186\">Nom<\/td><\/tr><tr><td width=\"186\">Num\u00e9ro de t\u00e9l\u00e9phone<\/td><\/tr><tr><td width=\"186\">D\u00e9tails sur l&#8217;emplacement<\/td><\/tr><tr><td width=\"186\">Adresse IP<\/td><\/tr><\/tbody><\/table>\t\t\t\t\t\t\t\t<\/div>\n\t\t\t\t<div class=\"elementor-element elementor-element-3b742c6 elementor-widget elementor-widget-heading\" data-id=\"3b742c6\" data-element_type=\"widget\" data-e-type=\"widget\" data-widget_type=\"heading.default\">\n\t\t\t\t\t<h3 class=\"elementor-heading-title elementor-size-default\">2. Pourquoi collectons-nous ces donn\u00e9es ?<\/h3>\t\t\t\t<\/div>\n\t\t\t\t<div class=\"elementor-element elementor-element-a11a104 elementor-widget elementor-widget-text-editor\" data-id=\"a11a104\" data-element_type=\"widget\" data-e-type=\"widget\" data-widget_type=\"text-editor.default\">\n\t\t\t\t\t\t\t\t\t<p>Bien s\u00fbr, nous ne faisons pas cela sans raison. Le but de la collecte de vos donn\u00e9es est de vous offrir la meilleure exp\u00e9rience possible sur notre site web. Mais qu&#8217;est-ce que cela signifie concr\u00e8tement ?<\/p><ul><li>Nous veillons \u00e0 ce que l&#8217;exp\u00e9rience sur notre site web soit aussi s\u00fbre que possible. C&#8217;est pourquoi nous utilisons les donn\u00e9es pour surveiller notre site web afin que tout se passe bien. De cette mani\u00e8re, nous essayons \u00e9galement de pr\u00e9venir la fraude et autres intentions malveillantes.<\/li><li>Nous aimons \u00e9galement vous tenir inform\u00e9 de nos produits et services. C&#8217;est pourquoi nous vous envoyons occasionnellement un e-mail. Il s&#8217;agit parfois d&#8217;une promotion, d&#8217;autres fois simplement d&#8217;une actualit\u00e9. Certaines personnes appellent cela du marketing direct, mais il n&#8217;y a pas lieu de s&#8217;inqui\u00e9ter ! Les e-mails contiennent toujours un lien vous permettant de vous d\u00e9sinscrire de notre base de donn\u00e9es.<\/li><li>Google Analytics collecte des donn\u00e9es pour nous afin que nous puissions mieux conna\u00eetre le public qui visite notre site web. C&#8217;est ce qu&#8217;on appelle la collecte de donn\u00e9es statistiques. Les adresses IP, les pages visit\u00e9es, la localisation g\u00e9ographique du visiteur et l&#8217;heure de la visite sont trait\u00e9es.<\/li><li>Facebook Pixel collecte des donn\u00e9es pour nous afin que nous puissions organiser efficacement nos efforts de marketing. Cela nous permet d&#8217;afficher le bon message aux bonnes personnes sur Facebook sans jamais conna\u00eetre les d\u00e9tails de votre compte. Plut\u00f4t cool, non ? Moins il y a de parties qui traitent les donn\u00e9es, moins il y a de risques qu&#8217;elles soient perdues.<\/li><\/ul>\t\t\t\t\t\t\t\t<\/div>\n\t\t\t\t<div class=\"elementor-element elementor-element-7b665dc elementor-widget elementor-widget-heading\" data-id=\"7b665dc\" data-element_type=\"widget\" data-e-type=\"widget\" data-widget_type=\"heading.default\">\n\t\t\t\t\t<h2 class=\"elementor-heading-title elementor-size-default\">Que pouvez-vous faire ? Quels sont vos droits ?<\/h2>\t\t\t\t<\/div>\n\t\t\t\t<div class=\"elementor-element elementor-element-d7eadc1 elementor-widget elementor-widget-heading\" data-id=\"d7eadc1\" data-element_type=\"widget\" data-e-type=\"widget\" data-widget_type=\"heading.default\">\n\t\t\t\t\t<h3 class=\"elementor-heading-title elementor-size-default\">1. Droit d'acc\u00e8s<\/h3>\t\t\t\t<\/div>\n\t\t\t\t<div class=\"elementor-element elementor-element-cc66f6c elementor-widget elementor-widget-text-editor\" data-id=\"cc66f6c\" data-element_type=\"widget\" data-e-type=\"widget\" data-widget_type=\"text-editor.default\">\n\t\t\t\t\t\t\t\t\t<p>Vos donn\u00e9es restent bien s\u00fbr les v\u00f4tres. Vous pouvez donc nous demander \u00e0 tout moment d&#8217;acc\u00e9der aux donn\u00e9es que nous avons collect\u00e9es \u00e0 votre sujet et de savoir comment, pourquoi et pendant combien de temps nous les avons trait\u00e9es. Tout cela au sens large. Vous saurez exactement comment nous \u00e9valuons vos donn\u00e9es et ce qu&#8217;il en advient. Envoyez votre demande d&#8217;acc\u00e8s \u00e0 <a href=\"mailto:info@smartunit.be\">info@smartunit.be<\/a> et nous vous enverrons tout ce dont nous disposons dans un d\u00e9lai d&#8217;un mois \u00e0 compter de votre demande.<\/p>\t\t\t\t\t\t\t\t<\/div>\n\t\t\t\t<div class=\"elementor-element elementor-element-f642afd elementor-widget elementor-widget-heading\" data-id=\"f642afd\" data-element_type=\"widget\" data-e-type=\"widget\" data-widget_type=\"heading.default\">\n\t\t\t\t\t<h3 class=\"elementor-heading-title elementor-size-default\">2. Droit de rectification et d'effacement des donn\u00e9es \u00e0 caract\u00e8re personnel<\/h3>\t\t\t\t<\/div>\n\t\t\t\t<div class=\"elementor-element elementor-element-ad97352 elementor-widget elementor-widget-text-editor\" data-id=\"ad97352\" data-element_type=\"widget\" data-e-type=\"widget\" data-widget_type=\"text-editor.default\">\n\t\t\t\t\t\t\t\t\t<p>Vous pouvez \u00e0 tout moment faire corriger ou supprimer vos donn\u00e9es. Cela peut s&#8217;av\u00e9rer n\u00e9cessaire, par exemple, si vous d\u00e9m\u00e9nagez ou cr\u00e9ez une nouvelle adresse e-mail. SITE WEB : Si vous souhaitez que vos donn\u00e9es soient supprim\u00e9es ou modifi\u00e9es, vous pouvez envoyer votre demande \u00e0 <a href=\"mailto:info@smartunit.be\">info@smartunit.be<\/a>.<\/p><p>Malheureusement, certaines donn\u00e9es ne peuvent pas \u00eatre simplement supprim\u00e9es. Il s&#8217;agit des donn\u00e9es que nous sommes tenus de conserver en vertu d&#8217;une obligation l\u00e9gale (par exemple, la comptabilit\u00e9) ou d&#8217;un accord (par exemple, nous devons encore livrer votre colis).<\/p><p>Bien entendu, toute donn\u00e9e qui aurait \u00e9t\u00e9 trait\u00e9e de mani\u00e8re ill\u00e9gale sera supprim\u00e9e d\u00e8s que possible. Toute autre demande sera trait\u00e9e sans d\u00e9lai d\u00e9raisonnable.<\/p>\t\t\t\t\t\t\t\t<\/div>\n\t\t\t\t<div class=\"elementor-element elementor-element-cc4c652 elementor-widget elementor-widget-heading\" data-id=\"cc4c652\" data-element_type=\"widget\" data-e-type=\"widget\" data-widget_type=\"heading.default\">\n\t\t\t\t\t<h3 class=\"elementor-heading-title elementor-size-default\">3. Droit \u00e0 la limitation du traitement des donn\u00e9es ou droit d'opposition au traitement des donn\u00e9es<\/h3>\t\t\t\t<\/div>\n\t\t\t\t<div class=\"elementor-element elementor-element-02e0f8c elementor-widget elementor-widget-text-editor\" data-id=\"02e0f8c\" data-element_type=\"widget\" data-e-type=\"widget\" data-widget_type=\"text-editor.default\">\n\t\t\t\t\t\t\t\t\t<p>Si vous avez soumis une demande de suppression, nous v\u00e9rifierons l&#8217;exactitude des donn\u00e9es, si elles ont \u00e9t\u00e9 trait\u00e9es de mani\u00e8re ill\u00e9gale ou si elles sont n\u00e9cessaires \u00e0 des proc\u00e9dures judiciaires. Vous pouvez demander une restriction du traitement. Veuillez envoyer cette demande \u00e0 <a href=\"mailto:info@smartunit.be\">info@smartunit.be<\/a> et nous limiterons le traitement dans un d\u00e9lai d&#8217;un mois.<\/p><p>Si vous ne souhaitez pas que nous traitions vos donn\u00e9es, veuillez envoyer votre objection \u00e0 <a href=\"mailto:info@smartunit.be\">info@smartunit.be<\/a> et nous cesserons le traitement de vos donn\u00e9es d\u00e8s que possible (dans un d\u00e9lai d&#8217;un mois \u00e0 compter de la demande). Les exceptions \u00e0 cette r\u00e8gle sont, l\u00e0 encore, les donn\u00e9es que nous sommes tenus de conserver en vertu d&#8217;une obligation l\u00e9gale (par exemple, la comptabilit\u00e9) ou d&#8217;un accord (par exemple, nous devons encore livrer votre colis).<\/p>\t\t\t\t\t\t\t\t<\/div>\n\t\t\t\t<div class=\"elementor-element elementor-element-ec4e404 elementor-widget elementor-widget-heading\" data-id=\"ec4e404\" data-element_type=\"widget\" data-e-type=\"widget\" data-widget_type=\"heading.default\">\n\t\t\t\t\t<h3 class=\"elementor-heading-title elementor-size-default\">4. Droit \u00e0 la portabilit\u00e9 des donn\u00e9es<\/h3>\t\t\t\t<\/div>\n\t\t\t\t<div class=\"elementor-element elementor-element-94b71ef elementor-widget elementor-widget-text-editor\" data-id=\"94b71ef\" data-element_type=\"widget\" data-e-type=\"widget\" data-widget_type=\"text-editor.default\">\n\t\t\t\t\t\t\t\t\t<p>Vous avez le droit d&#8217;obtenir les donn\u00e9es que vous nous avez fournies dans un format structur\u00e9, couramment utilis\u00e9 et lisible par machine. Cela vous permet de transf\u00e9rer les donn\u00e9es vers un autre responsable du traitement.<\/p>\t\t\t\t\t\t\t\t<\/div>\n\t\t\t\t<div class=\"elementor-element elementor-element-1e1b50c elementor-widget elementor-widget-heading\" data-id=\"1e1b50c\" data-element_type=\"widget\" data-e-type=\"widget\" data-widget_type=\"heading.default\">\n\t\t\t\t\t<h3 class=\"elementor-heading-title elementor-size-default\">5. Droit de retirer son consentement<\/h3>\t\t\t\t<\/div>\n\t\t\t\t<div class=\"elementor-element elementor-element-a3f3185 elementor-widget elementor-widget-text-editor\" data-id=\"a3f3185\" data-element_type=\"widget\" data-e-type=\"widget\" data-widget_type=\"text-editor.default\">\n\t\t\t\t\t\t\t\t\t<p>Vous pouvez retirer votre consentement \u00e0 tout moment. Bien entendu, cela ne concerne que les donn\u00e9es que nous avons obtenues sur la seule base de votre consentement. Les donn\u00e9es que nous obtenons ou que nous sommes tenus de conserver en vertu d&#8217;une obligation l\u00e9gale (par exemple, la comptabilit\u00e9) ou d&#8217;un accord (par exemple, nous devons encore livrer votre colis) sont donc exclues de cette disposition.<\/p>\t\t\t\t\t\t\t\t<\/div>\n\t\t\t\t<div class=\"elementor-element elementor-element-e703c4b elementor-widget elementor-widget-heading\" data-id=\"e703c4b\" data-element_type=\"widget\" data-e-type=\"widget\" data-widget_type=\"heading.default\">\n\t\t\t\t\t<h3 class=\"elementor-heading-title elementor-size-default\">6. R\u00e9clamations<\/h3>\t\t\t\t<\/div>\n\t\t\t\t<div class=\"elementor-element elementor-element-604aee4 elementor-widget elementor-widget-text-editor\" data-id=\"604aee4\" data-element_type=\"widget\" data-e-type=\"widget\" data-widget_type=\"text-editor.default\">\n\t\t\t\t\t\t\t\t\t<p>Les plaintes concernant la mani\u00e8re dont nous traitons vos donn\u00e9es doivent \u00eatre adress\u00e9es \u00e0 la Commission belge pour la protection de la vie priv\u00e9e (<a href=\"https:\/\/www.privacycommission.be\/nl\" target=\"_blank\" rel=\"noopener\">https:\/\/www.privacycommission.be\/nl<\/a>).<\/p>\t\t\t\t\t\t\t\t<\/div>\n\t\t\t\t\t<\/div>\n\t\t\t\t<\/div>\n\t\t\t\t<\/div>\n\t\t","protected":false},"excerpt":{"rendered":"<p>Politique de confidentialit\u00e9 Vos donn\u00e9es personnelles et votre vie priv\u00e9e sont extr\u00eamement importantes pour SmartUnit. Cette politique n&#8217;est pas seulement un bouclier juridique qui nous permet de nous conformer \u00e0 des r\u00e9glementations telles que le r\u00e8glement g\u00e9n\u00e9ral sur la protection des donn\u00e9es (ci-apr\u00e8s : RGPD). Non, ce texte raconte notre histoire en mati\u00e8re de donn\u00e9es. [&hellip;]<\/p>\n","protected":false},"author":1,"featured_media":0,"parent":0,"menu_order":0,"comment_status":"closed","ping_status":"closed","template":"","meta":{"_acf_changed":false,"footnotes":""},"class_list":["post-2069","page","type-page","status-publish","hentry"],"acf":[],"_links":{"self":[{"href":"https:\/\/smartunit.be\/fr\/wp-json\/wp\/v2\/pages\/2069","targetHints":{"allow":["GET"]}}],"collection":[{"href":"https:\/\/smartunit.be\/fr\/wp-json\/wp\/v2\/pages"}],"about":[{"href":"https:\/\/smartunit.be\/fr\/wp-json\/wp\/v2\/types\/page"}],"author":[{"embeddable":true,"href":"https:\/\/smartunit.be\/fr\/wp-json\/wp\/v2\/users\/1"}],"replies":[{"embeddable":true,"href":"https:\/\/smartunit.be\/fr\/wp-json\/wp\/v2\/comments?post=2069"}],"version-history":[{"count":4,"href":"https:\/\/smartunit.be\/fr\/wp-json\/wp\/v2\/pages\/2069\/revisions"}],"predecessor-version":[{"id":2074,"href":"https:\/\/smartunit.be\/fr\/wp-json\/wp\/v2\/pages\/2069\/revisions\/2074"}],"wp:attachment":[{"href":"https:\/\/smartunit.be\/fr\/wp-json\/wp\/v2\/media?parent=2069"}],"curies":[{"name":"wp","href":"https:\/\/api.w.org\/{rel}","templated":true}]}}